{"id":90,"date":"2013-12-14T13:17:14","date_gmt":"2013-12-14T13:17:14","guid":{"rendered":"http:\/\/localhost\/wpnation\/?page_id=90"},"modified":"2020-12-07T15:44:21","modified_gmt":"2020-12-07T15:44:21","slug":"two-columns-rooms-list","status":"publish","type":"page","link":"https:\/\/www.labouchere33.com\/nl\/two-columns-rooms-list\/","title":{"rendered":"EEN KIJKJE IN DE KAMERS"},"content":{"rendered":"","protected":false},"excerpt":{"rendered":"","protected":false},"author":3,"featured_media":0,"parent":0,"menu_order":0,"comment_status":"open","ping_status":"open","template":"two-rooms-list.php","meta":{"om_disable_all_campaigns":false,"_monsterinsights_skip_tracking":false,"_monsterinsights_sitenote_active":false,"_monsterinsights_sitenote_note":"","_monsterinsights_sitenote_category":0,"_uf_show_specific_survey":0,"_uf_disable_surveys":false,"footnotes":""},"class_list":["post-90","page","type-page","status-publish","hentry"],"yoast_head":"<!-- This site is optimized with the Yoast SEO plugin v27.4 - https:\/\/yoast.com\/product\/yoast-seo-wordpress\/ -->\n<title>EEN KIJKJE IN DE KAMERS - La Bouch\u00e8re 33<\/title>\n<meta name=\"description\" content=\"Van harte welkom in een van de vijf kamers van chambres en table d&#039;h\u00f4tes La Bouch\u00e8re 33 in de Limousin - info@labouchere33.com\" \/>\n<meta name=\"robots\" content=\"index, follow, max-snippet:-1, max-image-preview:large, max-video-preview:-1\" \/>\n<link rel=\"canonical\" href=\"https:\/\/www.labouchere33.com\/nl\/two-columns-rooms-list\/\" \/>\n<meta property=\"og:locale\" content=\"nl_NL\" \/>\n<meta property=\"og:type\" content=\"article\" \/>\n<meta property=\"og:title\" content=\"EEN KIJKJE IN DE KAMERS - La Bouch\u00e8re 33\" \/>\n<meta property=\"og:description\" content=\"Van harte welkom in een van de vijf kamers van chambres en table d&#039;h\u00f4tes La Bouch\u00e8re 33 in de Limousin - info@labouchere33.com\" \/>\n<meta property=\"og:url\" content=\"https:\/\/www.labouchere33.com\/nl\/two-columns-rooms-list\/\" \/>\n<meta property=\"og:site_name\" content=\"La Bouch\u00e8re 33\" \/>\n<meta property=\"article:publisher\" content=\"https:\/\/www.facebook.com\/labouchere33\" \/>\n<meta property=\"article:modified_time\" content=\"2020-12-07T15:44:21+00:00\" \/>\n<meta property=\"og:image\" content=\"https:\/\/www.labouchere33.com\/wp-content\/uploads\/2015\/01\/Logo_laBouchere-klkl.jpg\" \/>\n\t<meta property=\"og:image:width\" content=\"698\" \/>\n\t<meta property=\"og:image:height\" content=\"555\" \/>\n\t<meta property=\"og:image:type\" content=\"image\/jpeg\" \/>\n<meta name=\"twitter:card\" content=\"summary_large_image\" \/>\n<meta name=\"twitter:site\" content=\"@judithdeleng\" \/>\n<script type=\"application\/ld+json\" class=\"yoast-schema-graph\">{\"@context\":\"https:\\\/\\\/schema.org\",\"@graph\":[{\"@type\":\"WebPage\",\"@id\":\"https:\\\/\\\/www.labouchere33.com\\\/nl\\\/two-columns-rooms-list\\\/\",\"url\":\"https:\\\/\\\/www.labouchere33.com\\\/nl\\\/two-columns-rooms-list\\\/\",\"name\":\"EEN KIJKJE IN DE KAMERS - La Bouch\u00e8re 33\",\"isPartOf\":{\"@id\":\"https:\\\/\\\/www.labouchere33.com\\\/en\\\/#website\"},\"datePublished\":\"2013-12-14T13:17:14+00:00\",\"dateModified\":\"2020-12-07T15:44:21+00:00\",\"description\":\"Van harte welkom in een van de vijf kamers van chambres en table d'h\u00f4tes La Bouch\u00e8re 33 in de Limousin - info@labouchere33.com\",\"breadcrumb\":{\"@id\":\"https:\\\/\\\/www.labouchere33.com\\\/nl\\\/two-columns-rooms-list\\\/#breadcrumb\"},\"inLanguage\":\"nl-NL\",\"potentialAction\":[{\"@type\":\"ReadAction\",\"target\":[\"https:\\\/\\\/www.labouchere33.com\\\/nl\\\/two-columns-rooms-list\\\/\"]}]},{\"@type\":\"BreadcrumbList\",\"@id\":\"https:\\\/\\\/www.labouchere33.com\\\/nl\\\/two-columns-rooms-list\\\/#breadcrumb\",\"itemListElement\":[{\"@type\":\"ListItem\",\"position\":1,\"name\":\"Home\",\"item\":\"https:\\\/\\\/www.labouchere33.com\\\/nl\\\/\"},{\"@type\":\"ListItem\",\"position\":2,\"name\":\"EEN KIJKJE IN DE KAMERS\"}]},{\"@type\":\"WebSite\",\"@id\":\"https:\\\/\\\/www.labouchere33.com\\\/en\\\/#website\",\"url\":\"https:\\\/\\\/www.labouchere33.com\\\/en\\\/\",\"name\":\"La Bouch\u00e8re 33\",\"description\":\"chambres d'h\u00f4tes \\\/ bed & breakfast - Meuzac - Frankrijk\",\"publisher\":{\"@id\":\"https:\\\/\\\/www.labouchere33.com\\\/en\\\/#organization\"},\"potentialAction\":[{\"@type\":\"SearchAction\",\"target\":{\"@type\":\"EntryPoint\",\"urlTemplate\":\"https:\\\/\\\/www.labouchere33.com\\\/en\\\/?s={search_term_string}\"},\"query-input\":{\"@type\":\"PropertyValueSpecification\",\"valueRequired\":true,\"valueName\":\"search_term_string\"}}],\"inLanguage\":\"nl-NL\"},{\"@type\":\"Organization\",\"@id\":\"https:\\\/\\\/www.labouchere33.com\\\/en\\\/#organization\",\"name\":\"La Bouch\u00e8re 33\",\"url\":\"https:\\\/\\\/www.labouchere33.com\\\/en\\\/\",\"logo\":{\"@type\":\"ImageObject\",\"inLanguage\":\"nl-NL\",\"@id\":\"https:\\\/\\\/www.labouchere33.com\\\/en\\\/#\\\/schema\\\/logo\\\/image\\\/\",\"url\":\"https:\\\/\\\/www.labouchere33.com\\\/wp-content\\\/uploads\\\/2015\\\/01\\\/Logo_laBouchere-klkl.jpg\",\"contentUrl\":\"https:\\\/\\\/www.labouchere33.com\\\/wp-content\\\/uploads\\\/2015\\\/01\\\/Logo_laBouchere-klkl.jpg\",\"width\":698,\"height\":555,\"caption\":\"La Bouch\u00e8re 33\"},\"image\":{\"@id\":\"https:\\\/\\\/www.labouchere33.com\\\/en\\\/#\\\/schema\\\/logo\\\/image\\\/\"},\"sameAs\":[\"https:\\\/\\\/www.facebook.com\\\/labouchere33\",\"https:\\\/\\\/x.com\\\/judithdeleng\"]}]}<\/script>\n<!-- \/ Yoast SEO plugin. -->","yoast_head_json":{"title":"EEN KIJKJE IN DE KAMERS - La Bouch\u00e8re 33","description":"Van harte welkom in een van de vijf kamers van chambres en table d'h\u00f4tes La Bouch\u00e8re 33 in de Limousin - info@labouchere33.com","robots":{"index":"index","follow":"follow","max-snippet":"max-snippet:-1","max-image-preview":"max-image-preview:large","max-video-preview":"max-video-preview:-1"},"canonical":"https:\/\/www.labouchere33.com\/nl\/two-columns-rooms-list\/","og_locale":"nl_NL","og_type":"article","og_title":"EEN KIJKJE IN DE KAMERS - La Bouch\u00e8re 33","og_description":"Van harte welkom in een van de vijf kamers van chambres en table d'h\u00f4tes La Bouch\u00e8re 33 in de Limousin - info@labouchere33.com","og_url":"https:\/\/www.labouchere33.com\/nl\/two-columns-rooms-list\/","og_site_name":"La Bouch\u00e8re 33","article_publisher":"https:\/\/www.facebook.com\/labouchere33","article_modified_time":"2020-12-07T15:44:21+00:00","og_image":[{"width":698,"height":555,"url":"https:\/\/www.labouchere33.com\/wp-content\/uploads\/2015\/01\/Logo_laBouchere-klkl.jpg","type":"image\/jpeg"}],"twitter_card":"summary_large_image","twitter_site":"@judithdeleng","schema":{"@context":"https:\/\/schema.org","@graph":[{"@type":"WebPage","@id":"https:\/\/www.labouchere33.com\/nl\/two-columns-rooms-list\/","url":"https:\/\/www.labouchere33.com\/nl\/two-columns-rooms-list\/","name":"EEN KIJKJE IN DE KAMERS - La Bouch\u00e8re 33","isPartOf":{"@id":"https:\/\/www.labouchere33.com\/en\/#website"},"datePublished":"2013-12-14T13:17:14+00:00","dateModified":"2020-12-07T15:44:21+00:00","description":"Van harte welkom in een van de vijf kamers van chambres en table d'h\u00f4tes La Bouch\u00e8re 33 in de Limousin - info@labouchere33.com","breadcrumb":{"@id":"https:\/\/www.labouchere33.com\/nl\/two-columns-rooms-list\/#breadcrumb"},"inLanguage":"nl-NL","potentialAction":[{"@type":"ReadAction","target":["https:\/\/www.labouchere33.com\/nl\/two-columns-rooms-list\/"]}]},{"@type":"BreadcrumbList","@id":"https:\/\/www.labouchere33.com\/nl\/two-columns-rooms-list\/#breadcrumb","itemListElement":[{"@type":"ListItem","position":1,"name":"Home","item":"https:\/\/www.labouchere33.com\/nl\/"},{"@type":"ListItem","position":2,"name":"EEN KIJKJE IN DE KAMERS"}]},{"@type":"WebSite","@id":"https:\/\/www.labouchere33.com\/en\/#website","url":"https:\/\/www.labouchere33.com\/en\/","name":"La Bouch\u00e8re 33","description":"chambres d'h\u00f4tes \/ bed & breakfast - Meuzac - Frankrijk","publisher":{"@id":"https:\/\/www.labouchere33.com\/en\/#organization"},"potentialAction":[{"@type":"SearchAction","target":{"@type":"EntryPoint","urlTemplate":"https:\/\/www.labouchere33.com\/en\/?s={search_term_string}"},"query-input":{"@type":"PropertyValueSpecification","valueRequired":true,"valueName":"search_term_string"}}],"inLanguage":"nl-NL"},{"@type":"Organization","@id":"https:\/\/www.labouchere33.com\/en\/#organization","name":"La Bouch\u00e8re 33","url":"https:\/\/www.labouchere33.com\/en\/","logo":{"@type":"ImageObject","inLanguage":"nl-NL","@id":"https:\/\/www.labouchere33.com\/en\/#\/schema\/logo\/image\/","url":"https:\/\/www.labouchere33.com\/wp-content\/uploads\/2015\/01\/Logo_laBouchere-klkl.jpg","contentUrl":"https:\/\/www.labouchere33.com\/wp-content\/uploads\/2015\/01\/Logo_laBouchere-klkl.jpg","width":698,"height":555,"caption":"La Bouch\u00e8re 33"},"image":{"@id":"https:\/\/www.labouchere33.com\/en\/#\/schema\/logo\/image\/"},"sameAs":["https:\/\/www.facebook.com\/labouchere33","https:\/\/x.com\/judithdeleng"]}]}},"_links":{"self":[{"href":"https:\/\/www.labouchere33.com\/nl\/wp-json\/wp\/v2\/pages\/90","targetHints":{"allow":["GET"]}}],"collection":[{"href":"https:\/\/www.labouchere33.com\/nl\/wp-json\/wp\/v2\/pages"}],"about":[{"href":"https:\/\/www.labouchere33.com\/nl\/wp-json\/wp\/v2\/types\/page"}],"author":[{"embeddable":true,"href":"https:\/\/www.labouchere33.com\/nl\/wp-json\/wp\/v2\/users\/3"}],"replies":[{"embeddable":true,"href":"https:\/\/www.labouchere33.com\/nl\/wp-json\/wp\/v2\/comments?post=90"}],"version-history":[{"count":5,"href":"https:\/\/www.labouchere33.com\/nl\/wp-json\/wp\/v2\/pages\/90\/revisions"}],"predecessor-version":[{"id":799,"href":"https:\/\/www.labouchere33.com\/nl\/wp-json\/wp\/v2\/pages\/90\/revisions\/799"}],"wp:attachment":[{"href":"https:\/\/www.labouchere33.com\/nl\/wp-json\/wp\/v2\/media?parent=90"}],"curies":[{"name":"wp","href":"https:\/\/api.w.org\/{rel}","templated":true}]}}